{"id":1217,"date":"2024-02-26T22:01:43","date_gmt":"2024-02-26T22:01:43","guid":{"rendered":"https:\/\/bmftradingss.com\/?post_type=product&#038;p=1217"},"modified":"2024-02-26T22:02:31","modified_gmt":"2024-02-26T22:02:31","slug":"nescafe","status":"publish","type":"product","link":"https:\/\/progeneraltradings.com\/index.php\/product\/nescafe\/","title":{"rendered":"Nescaf\u00e9"},"content":{"rendered":"<p>Nescafe Original Instant Coffee One Cup Sticks Sachets (Pack of 200) Selected Arabica and Robusta beans, Portable Sachets, Ideal for Reception Areas and Meeting Rooms 12165415<\/p>\n<p><strong>Nescaf\u00e9 Original Instant Coffee<\/strong>\u00a0is one of Nescafe\u2019s most popular instant coffee blends that they have been making for decades. Nescafe Original is made from a 100% coffee blend of Arabica and Robusta coffee beans. It has no additives, fillers or any other ingredients. So medium-dark roast coffee has full flavor that will wake you up in the morning, or pick you up after lunch . For your convenience Nescaf\u00e9 Coffee is now available to buy online. By buying Nescaf\u00e9 Coffee you become a part of The Nescaf\u00e9 Plan \u2013 global initiative that supports responsible farming, production and consumption.<\/p>\n<p>&nbsp;<\/p>\n<p>This\u00a0<strong>Nescaf\u00e9 Original Instant Coffee<\/strong>\u00a0comes in single serve coffee sachets (200 sachets). Single serve coffee sachets keep coffee at its freshest and minimize spoilage. Since instant coffee exposed to air only keeps a few months at most, single serve sachets ensure that you will always have the freshest coffee possible. If you are someone who likes the convenience of having your coffee in exactly the right amount, or someone who is on the go a lot, you might benefit from buying your coffee in single serve sachets.\u00a0Single serve packaging is also perfect for on the go activities like picnics, camping and hiking. Take some with you on your next trip!<\/p>\n<p><strong>Nescaf\u00e9 Original Instant Coffee<\/strong>\u00a0One Cup Sachets each contain just the right amount for a delicious cup of morning or afternoon coffee. Simply empty the sachet into a cup, add hot water and milk or sugar to taste, then stir. The original, signature instant coffee from Nescafe combines medium roast Arabica and Robusta beans to create a deep, full-bodied flavour. Ideal for catering, meeting rooms and breakout areas. This pack contains 200 sticks.<\/p>\n","protected":false},"excerpt":{"rendered":"[wpforms id=\"359\"]\n","protected":false},"featured_media":1218,"comment_status":"open","ping_status":"closed","template":"","meta":{"site-sidebar-layout":"default","site-content-layout":"","ast-site-content-layout":"default","site-content-style":"default","site-sidebar-style":"default","ast-global-header-display":"","ast-banner-title-visibility":"","ast-main-header-display":"","ast-hfb-above-header-display":"","ast-hfb-below-header-display":"","ast-hfb-mobile-header-display":"","site-post-title":"","ast-breadcrumbs-content":"","ast-featured-img":"","footer-sml-layout":"","theme-transparent-header-meta":"default","adv-header-id-meta":"","stick-header-meta":"","header-above-stick-meta":"","header-main-stick-meta":"","header-below-stick-meta":"","astra-migrate-meta-layouts":"set","ast-page-background-enabled":"default","ast-page-background-meta":{"desktop":{"background-color":"","background-image":"","background-repeat":"repeat","background-position":"center center","background-size":"auto","background-attachment":"scroll","background-type":"","background-media":"","overlay-type":"","overlay-color":"","overlay-opacity":"","overlay-gradient":""},"tablet":{"background-color":"","background-image":"","background-repeat":"repeat","background-position":"center center","background-size":"auto","background-attachment":"scroll","background-type":"","background-media":"","overlay-type":"","overlay-color":"","overlay-opacity":"","overlay-gradient":""},"mobile":{"background-color":"","background-image":"","background-repeat":"repeat","background-position":"center center","background-size":"auto","background-attachment":"scroll","background-type":"","background-media":"","overlay-type":"","overlay-color":"","overlay-opacity":"","overlay-gradient":""}},"ast-content-background-meta":{"desktop":{"background-color":"var(--ast-global-color-5)","background-image":"","background-repeat":"repeat","background-position":"center center","background-size":"auto","background-attachment":"scroll","background-type":"","background-media":"","overlay-type":"","overlay-color":"","overlay-opacity":"","overlay-gradient":""},"tablet":{"background-color":"var(--ast-global-color-5)","background-image":"","background-repeat":"repeat","background-position":"center center","background-size":"auto","background-attachment":"scroll","background-type":"","background-media":"","overlay-type":"","overlay-color":"","overlay-opacity":"","overlay-gradient":""},"mobile":{"background-color":"var(--ast-global-color-5)","background-image":"","background-repeat":"repeat","background-position":"center center","background-size":"auto","background-attachment":"scroll","background-type":"","background-media":"","overlay-type":"","overlay-color":"","overlay-opacity":"","overlay-gradient":""}}},"product_brand":[],"product_cat":[61],"product_tag":[],"class_list":{"0":"post-1217","1":"product","2":"type-product","3":"status-publish","4":"has-post-thumbnail","6":"product_cat-coffee","7":"desktop-align-left","8":"tablet-align-left","9":"mobile-align-left","11":"first","12":"instock","13":"shipping-taxable","14":"product-type-simple"},"_links":{"self":[{"href":"https:\/\/progeneraltradings.com\/index.php\/wp-json\/wp\/v2\/product\/1217","targetHints":{"allow":["GET"]}}],"collection":[{"href":"https:\/\/progeneraltradings.com\/index.php\/wp-json\/wp\/v2\/product"}],"about":[{"href":"https:\/\/progeneraltradings.com\/index.php\/wp-json\/wp\/v2\/types\/product"}],"replies":[{"embeddable":true,"href":"https:\/\/progeneraltradings.com\/index.php\/wp-json\/wp\/v2\/comments?post=1217"}],"wp:featuredmedia":[{"embeddable":true,"href":"https:\/\/progeneraltradings.com\/index.php\/wp-json\/wp\/v2\/media\/1218"}],"wp:attachment":[{"href":"https:\/\/progeneraltradings.com\/index.php\/wp-json\/wp\/v2\/media?parent=1217"}],"wp:term":[{"taxonomy":"product_brand","embeddable":true,"href":"https:\/\/progeneraltradings.com\/index.php\/wp-json\/wp\/v2\/product_brand?post=1217"},{"taxonomy":"product_cat","embeddable":true,"href":"https:\/\/progeneraltradings.com\/index.php\/wp-json\/wp\/v2\/product_cat?post=1217"},{"taxonomy":"product_tag","embeddable":true,"href":"https:\/\/progeneraltradings.com\/index.php\/wp-json\/wp\/v2\/product_tag?post=1217"}],"curies":[{"name":"wp","href":"https:\/\/api.w.org\/{rel}","templated":true}]}}